{"id":245,"date":"2018-10-21T13:11:58","date_gmt":"2018-10-21T13:11:58","guid":{"rendered":"http:\/\/www.demos.machothemes.com\/antreas-pro\/?page_id=245"},"modified":"2023-08-24T11:22:07","modified_gmt":"2023-08-24T08:22:07","slug":"ajalugu","status":"publish","type":"page","link":"https:\/\/www.sta.ee\/WP\/ajalugu\/","title":{"rendered":"Ajalugu"},"content":{"rendered":"<p><strong>1989 &#8211; <\/strong>L\u00e4ti NVS-s asutati ettev\u00f5te nimega <strong>S<\/strong>pets\u00a0<strong>T<\/strong>ehno\u00a0<strong>A<\/strong>utomaatika<\/p>\n<p><strong>1994 &#8211;\u00a0<\/strong>Ettev\u00f5te nimetati \u00fcmber &#8220;STA&#8221;-ks ning alustati koost\u00f6\u00f6d esimeste v\u00e4lismaiste tootjate ning tarnijatega. <a href=\"http:\/\/www.sta.lv\">STA Grupa<\/a> nime all tegutsev ettev\u00f5te pakub lisaks seadmete hulgi- ja projektim\u00fc\u00fcgile ka projekteerimise, seadmete paigalduse ning hoolduse teenuseid.<\/p>\n<p><strong>1996\u00a0<\/strong>&#8211; allkirjastati eksklusiivse esindus\u00f5iguse leping Jaapani firmaga <a href=\"http:\/\/www.optex.co.jp\"><strong>Optex<\/strong><\/a><\/p>\n<p><strong>1999 &#8211; <\/strong>Tallinnas asutati <strong>STA tehniks O\u00dc<\/strong><\/p>\n<p><strong>2004<\/strong> &#8211; Kiievis (Ukrainas) asutati\u00a0<a href=\"http:\/\/www.sta.com.ua\"><strong>STA elektroonika<\/strong><\/a><\/p>\n\n\n<p><\/p>\n","protected":false},"excerpt":{"rendered":"<p>STA grupi ajalugu ulatub aastasse 1989<\/p>\n","protected":false},"author":1,"featured_media":553,"parent":0,"menu_order":0,"comment_status":"closed","ping_status":"closed","template":"","meta":{"footnotes":""},"class_list":["post-245","page","type-page","status-publish","has-post-thumbnail","hentry","post-has-thumbnail"],"_links":{"self":[{"href":"https:\/\/www.sta.ee\/WP\/wp-json\/wp\/v2\/pages\/245","targetHints":{"allow":["GET"]}}],"collection":[{"href":"https:\/\/www.sta.ee\/WP\/wp-json\/wp\/v2\/pages"}],"about":[{"href":"https:\/\/www.sta.ee\/WP\/wp-json\/wp\/v2\/types\/page"}],"author":[{"embeddable":true,"href":"https:\/\/www.sta.ee\/WP\/wp-json\/wp\/v2\/users\/1"}],"replies":[{"embeddable":true,"href":"https:\/\/www.sta.ee\/WP\/wp-json\/wp\/v2\/comments?post=245"}],"version-history":[{"count":9,"href":"https:\/\/www.sta.ee\/WP\/wp-json\/wp\/v2\/pages\/245\/revisions"}],"predecessor-version":[{"id":1050,"href":"https:\/\/www.sta.ee\/WP\/wp-json\/wp\/v2\/pages\/245\/revisions\/1050"}],"wp:featuredmedia":[{"embeddable":true,"href":"https:\/\/www.sta.ee\/WP\/wp-json\/wp\/v2\/media\/553"}],"wp:attachment":[{"href":"https:\/\/www.sta.ee\/WP\/wp-json\/wp\/v2\/media?parent=245"}],"curies":[{"name":"wp","href":"https:\/\/api.w.org\/{rel}","templated":true}]}}